{"id":1719,"date":"2022-09-21T20:36:53","date_gmt":"2022-09-22T00:36:53","guid":{"rendered":"https:\/\/quadtours2j.com\/?page_id=1719"},"modified":"2025-05-30T19:56:24","modified_gmt":"2025-05-30T23:56:24","slug":"cascadas","status":"publish","type":"page","link":"https:\/\/quadtours2j.com\/?page_id=1719","title":{"rendered":"Cascadas"},"content":{"rendered":"\t\t<div data-elementor-type=\"wp-page\" data-elementor-id=\"1719\" class=\"elementor elementor-1719\">\n\t\t\t\t\t\t<section class=\"elementor-section elementor-top-section elementor-element elementor-element-a5d16b6 elementor-section-boxed elementor-section-height-default elementor-section-height-default\" data-id=\"a5d16b6\" data-element_type=\"section\" data-settings=\"{&quot;background_background&quot;:&quot;classic&quot;}\">\n\t\t\t\t\t\t<div class=\"elementor-container elementor-column-gap-no\">\n\t\t\t\t\t<div class=\"elementor-column elementor-col-100 elementor-top-column elementor-element elementor-element-c61597a\" data-id=\"c61597a\" data-element_type=\"column\">\n\t\t\t<div class=\"elementor-widget-wrap\">\n\t\t\t\t\t\t\t<\/div>\n\t\t<\/div>\n\t\t\t\t\t<\/div>\n\t\t<\/section>\n\t\t\t\t<section class=\"elementor-section elementor-top-section elementor-element elementor-element-83c4a94 elementor-section-boxed elementor-section-height-default elementor-section-height-default\" data-id=\"83c4a94\" data-element_type=\"section\">\n\t\t\t\t\t\t<div class=\"elementor-container elementor-column-gap-default\">\n\t\t\t\t\t<div class=\"elementor-column elementor-col-100 elementor-top-column elementor-element elementor-element-2646e4c\" data-id=\"2646e4c\" data-element_type=\"column\">\n\t\t\t<div class=\"elementor-widget-wrap elementor-element-populated\">\n\t\t\t\t\t\t<div class=\"elementor-element elementor-element-31dd6b5 elementor-widget elementor-widget-heading\" data-id=\"31dd6b5\" data-element_type=\"widget\" data-widget_type=\"heading.default\">\n\t\t\t\t<div class=\"elementor-widget-container\">\n\t\t\t\t\t<h2 class=\"elementor-heading-title elementor-size-default\">Reserve su tour por las Cascadas aqu\u00ed<\/h2>\t\t\t\t<\/div>\n\t\t\t\t<\/div>\n\t\t\t\t\t<\/div>\n\t\t<\/div>\n\t\t\t\t\t<\/div>\n\t\t<\/section>\n\t\t\t\t<section class=\"elementor-section elementor-top-section elementor-element elementor-element-d080707 elementor-section-boxed elementor-section-height-default elementor-section-height-default\" data-id=\"d080707\" data-element_type=\"section\">\n\t\t\t\t\t\t<div class=\"elementor-container elementor-column-gap-default\">\n\t\t\t\t\t<div class=\"elementor-column elementor-col-100 elementor-top-column elementor-element elementor-element-b998434\" data-id=\"b998434\" data-element_type=\"column\">\n\t\t\t<div class=\"elementor-widget-wrap elementor-element-populated\">\n\t\t\t\t\t\t<div class=\"elementor-element elementor-element-2c8cf3e elementor-widget elementor-widget-shortcode\" data-id=\"2c8cf3e\" data-element_type=\"widget\" data-widget_type=\"shortcode.default\">\n\t\t\t\t<div class=\"elementor-widget-container\">\n\t\t\t\t\t\t\t<div class=\"elementor-shortcode\"><form action=\"https:\/\/www.paypal.com\/cgi-bin\/webscr\" method=\"post\" target=\"_blank\">\n  <input type=\"hidden\" name=\"cmd\" value=\"_s-xclick\" \/>\n  <input type=\"hidden\" name=\"hosted_button_id\" value=\"NU8JLB839BH9E\" \/>\n  <table>\n    <tr>\n      <td>\n        <input type=\"hidden\" name=\"on0\" value=\"Precio\"\/>\n        Precio\n      <\/td>\n    <\/tr>\n    <tr>\n      <td>\n        <select name=\"os0\">\n          <option value=\"Adulto desde Puerto Plata\">\n            Adulto desde Puerto Plata $60.00 USD\n          <\/option>\n          <option value=\"Ni\u00f1o desde Puerto Plata\">\n            Ni\u00f1o desde Puerto Plata $50.00 USD\n          <\/option>\n          <option value=\"Adulto desde Sosua \">\n            Adulto desde Sosua  $80.00 USD\n          <\/option>\n          <option value=\"Ni\u00f1o desde Sosua \">\n            Ni\u00f1o desde Sosua  $60.00 USD\n          <\/option>\n          <option value=\"Adulto desde Cabarete\">\n            Adulto desde Cabarete $90.00 USD\n          <\/option>\n          <option value=\"Ni\u00f1o desde Cabarete\">\n            Ni\u00f1o desde Cabarete $60.00 USD\n          <\/option>\n        <\/select>\n      <\/td>\n    <\/tr>\n    <tr>\n      <td>\n        <input type=\"hidden\" name=\"on1\" value=\"Hora de Recogida\"\/>\n        Hora de Recogida\n      <\/td>\n    <\/tr>\n    <tr>\n      <td>\n        <select name=\"os1\">\n          <option value=\"Playa Dorada 8:00am\">\n            Playa Dorada 8:00am\n          <\/option>\n          <option value=\"Costa Dorada 8:00am\">\n            Costa Dorada 8:00am\n          <\/option>\n          <option value=\"Puerto Plata 8:15am\">\n            Puerto Plata 8:15am\n          <\/option>\n          <option value=\"Cofresi 8:30am\">\n            Cofresi 8:30am\n          <\/option>\n          <option value=\"Hoteles Riu 8:50am\">\n            Hoteles Riu 8:50am\n          <\/option>\n        <\/select>\n      <\/td>\n    <\/tr>\n    <tr>\n      <td>\n        <input type=\"hidden\" name=\"on2\" value=\"Nombre de  Hotel *\"\/>\n        Nombre de  Hotel *\n      <\/td>\n    <\/tr>\n    <tr>\n      <td>\n        <input type=\"text\" name=\"os2\" maxLength=\"200\" \/>\n      <\/td>\n    <\/tr>\n    <tr>\n      <td>\n        <input type=\"hidden\" name=\"on3\" value=\"Fecha de  Excursion *\"\/>\n        Fecha de  Excursion *\n      <\/td>\n    <\/tr>\n    <tr>\n      <td>\n        <input type=\"text\" name=\"os3\" maxLength=\"200\" \/>\n      <\/td>\n    <\/tr>\n  <\/table>\n  <input type=\"hidden\" name=\"currency_code\" value=\"USD\" \/>\n  <input type=\"image\" src=\"https:\/\/www.paypalobjects.com\/en_US\/i\/btn\/btn_cart_LG.gif\" border=\"0\" name=\"submit\" title=\"PayPal es una forma segura y f\u00e1cil de pagar en l\u00ednea.\" alt=\"Agregar al carrito\" \/>\n<\/form><\/div>\n\t\t\t\t\t\t<\/div>\n\t\t\t\t<\/div>\n\t\t\t\t\t<\/div>\n\t\t<\/div>\n\t\t\t\t\t<\/div>\n\t\t<\/section>\n\t\t\t\t<section class=\"elementor-section elementor-top-section elementor-element elementor-element-57d4982 elementor-section-boxed elementor-section-height-default elementor-section-height-default\" data-id=\"57d4982\" data-element_type=\"section\">\n\t\t\t\t\t\t<div class=\"elementor-container elementor-column-gap-default\">\n\t\t\t\t\t<div class=\"elementor-column elementor-col-100 elementor-top-column elementor-element elementor-element-8b4fdfd\" data-id=\"8b4fdfd\" data-element_type=\"column\">\n\t\t\t<div class=\"elementor-widget-wrap elementor-element-populated\">\n\t\t\t\t\t\t<div class=\"elementor-element elementor-element-95d42e5 elementor-widget elementor-widget-site-logo\" data-id=\"95d42e5\" data-element_type=\"widget\" data-settings=\"{&quot;align&quot;:&quot;center&quot;,&quot;width&quot;:{&quot;unit&quot;:&quot;%&quot;,&quot;size&quot;:&quot;&quot;,&quot;sizes&quot;:[]},&quot;width_tablet&quot;:{&quot;unit&quot;:&quot;%&quot;,&quot;size&quot;:&quot;&quot;,&quot;sizes&quot;:[]},&quot;width_mobile&quot;:{&quot;unit&quot;:&quot;%&quot;,&quot;size&quot;:&quot;&quot;,&quot;sizes&quot;:[]},&quot;space&quot;:{&quot;unit&quot;:&quot;%&quot;,&quot;size&quot;:&quot;&quot;,&quot;sizes&quot;:[]},&quot;space_tablet&quot;:{&quot;unit&quot;:&quot;%&quot;,&quot;size&quot;:&quot;&quot;,&quot;sizes&quot;:[]},&quot;space_mobile&quot;:{&quot;unit&quot;:&quot;%&quot;,&quot;size&quot;:&quot;&quot;,&quot;sizes&quot;:[]},&quot;image_border_radius&quot;:{&quot;unit&quot;:&quot;px&quot;,&quot;top&quot;:&quot;&quot;,&quot;right&quot;:&quot;&quot;,&quot;bottom&quot;:&quot;&quot;,&quot;left&quot;:&quot;&quot;,&quot;isLinked&quot;:true},&quot;image_border_radius_tablet&quot;:{&quot;unit&quot;:&quot;px&quot;,&quot;top&quot;:&quot;&quot;,&quot;right&quot;:&quot;&quot;,&quot;bottom&quot;:&quot;&quot;,&quot;left&quot;:&quot;&quot;,&quot;isLinked&quot;:true},&quot;image_border_radius_mobile&quot;:{&quot;unit&quot;:&quot;px&quot;,&quot;top&quot;:&quot;&quot;,&quot;right&quot;:&quot;&quot;,&quot;bottom&quot;:&quot;&quot;,&quot;left&quot;:&quot;&quot;,&quot;isLinked&quot;:true},&quot;caption_padding&quot;:{&quot;unit&quot;:&quot;px&quot;,&quot;top&quot;:&quot;&quot;,&quot;right&quot;:&quot;&quot;,&quot;bottom&quot;:&quot;&quot;,&quot;left&quot;:&quot;&quot;,&quot;isLinked&quot;:true},&quot;caption_padding_tablet&quot;:{&quot;unit&quot;:&quot;px&quot;,&quot;top&quot;:&quot;&quot;,&quot;right&quot;:&quot;&quot;,&quot;bottom&quot;:&quot;&quot;,&quot;left&quot;:&quot;&quot;,&quot;isLinked&quot;:true},&quot;caption_padding_mobile&quot;:{&quot;unit&quot;:&quot;px&quot;,&quot;top&quot;:&quot;&quot;,&quot;right&quot;:&quot;&quot;,&quot;bottom&quot;:&quot;&quot;,&quot;left&quot;:&quot;&quot;,&quot;isLinked&quot;:true},&quot;caption_space&quot;:{&quot;unit&quot;:&quot;px&quot;,&quot;size&quot;:0,&quot;sizes&quot;:[]},&quot;caption_space_tablet&quot;:{&quot;unit&quot;:&quot;px&quot;,&quot;size&quot;:&quot;&quot;,&quot;sizes&quot;:[]},&quot;caption_space_mobile&quot;:{&quot;unit&quot;:&quot;px&quot;,&quot;size&quot;:&quot;&quot;,&quot;sizes&quot;:[]}}\" data-widget_type=\"site-logo.default\">\n\t\t\t\t<div class=\"elementor-widget-container\">\n\t\t\t\t\t\t\t<div class=\"hfe-site-logo\">\n\t\t\t\t\t\t\t\t\t\t\t\t\t<a data-elementor-open-lightbox=\"\"  class='elementor-clickable' href=\"https:\/\/quadtours2j.com\">\n\t\t\t\t\t\t\t<div class=\"hfe-site-logo-set\">           \n\t\t\t\t<div class=\"hfe-site-logo-container\">\n\t\t\t\t\t\t\t\t\t<img decoding=\"async\" class=\"hfe-site-logo-img elementor-animation-\"  src=\"https:\/\/quadtours2j.com\/wp-content\/uploads\/2022\/09\/cropped-Logo-Quad-300x168.png\" alt=\"default-logo\"\/>\n\t\t\t\t<\/div>\n\t\t\t<\/div>\n\t\t\t\t\t\t\t<\/a>\n\t\t\t\t\t\t<\/div>  \n\t\t\t\t\t\t\t<\/div>\n\t\t\t\t<\/div>\n\t\t\t\t\t<\/div>\n\t\t<\/div>\n\t\t\t\t\t<\/div>\n\t\t<\/section>\n\t\t\t\t<\/div>\n\t\t","protected":false},"excerpt":{"rendered":"<p>Reserve su tour por las Cascadas aqu\u00ed Precio Adulto desde Puerto Plata $60.00 USD Ni\u00f1o desde Puerto Plata $50.00 USD Adulto desde Sosua $80.00 USD Ni\u00f1o desde Sosua $60.00 USD Adulto desde Cabarete $90.00 USD Ni\u00f1o desde Cabarete $60.00 USD Hora de Recogida Playa Dorada 8:00am Costa Dorada 8:00am Puerto Plata 8:15am Cofresi 8:30am Hoteles [&hellip;]<\/p>\n","protected":false},"author":1,"featured_media":0,"parent":0,"menu_order":0,"comment_status":"closed","ping_status":"closed","template":"","meta":{"site-sidebar-layout":"no-sidebar","site-content-layout":"page-builder","ast-site-content-layout":"default","site-content-style":"default","site-sidebar-style":"default","ast-global-header-display":"","ast-banner-title-visibility":"","ast-main-header-display":"","ast-hfb-above-header-display":"","ast-hfb-below-header-display":"","ast-hfb-mobile-header-display":"","site-post-title":"disabled","ast-breadcrumbs-content":"","ast-featured-img":"disabled","footer-sml-layout":"","theme-transparent-header-meta":"","adv-header-id-meta":"","stick-header-meta":"","header-above-stick-meta":"","header-main-stick-meta":"","header-below-stick-meta":"","astra-migrate-meta-layouts":"default","ast-page-background-enabled":"default","ast-page-background-meta":{"desktop":{"background-color":"var(--ast-global-color-4)","background-image":"","background-repeat":"repeat","background-position":"center center","background-size":"auto","background-attachment":"scroll","background-type":"","background-media":"","overlay-type":"","overlay-color":"","overlay-opacity":"","overlay-gradient":""},"tablet":{"background-color":"","background-image":"","background-repeat":"repeat","background-position":"center center","background-size":"auto","background-attachment":"scroll","background-type":"","background-media":"","overlay-type":"","overlay-color":"","overlay-opacity":"","overlay-gradient":""},"mobile":{"background-color":"","background-image":"","background-repeat":"repeat","background-position":"center center","background-size":"auto","background-attachment":"scroll","background-type":"","background-media":"","overlay-type":"","overlay-color":"","overlay-opacity":"","overlay-gradient":""}},"ast-content-background-meta":{"desktop":{"background-color":"var(--ast-global-color-5)","background-image":"","background-repeat":"repeat","background-position":"center center","background-size":"auto","background-attachment":"scroll","background-type":"","background-media":"","overlay-type":"","overlay-color":"","overlay-opacity":"","overlay-gradient":""},"tablet":{"background-color":"var(--ast-global-color-5)","background-image":"","background-repeat":"repeat","background-position":"center center","background-size":"auto","background-attachment":"scroll","background-type":"","background-media":"","overlay-type":"","overlay-color":"","overlay-opacity":"","overlay-gradient":""},"mobile":{"background-color":"var(--ast-global-color-5)","background-image":"","background-repeat":"repeat","background-position":"center center","background-size":"auto","background-attachment":"scroll","background-type":"","background-media":"","overlay-type":"","overlay-color":"","overlay-opacity":"","overlay-gradient":""}},"_joinchat":[],"footnotes":""},"class_list":["post-1719","page","type-page","status-publish","hentry"],"aioseo_notices":[],"_links":{"self":[{"href":"https:\/\/quadtours2j.com\/index.php?rest_route=\/wp\/v2\/pages\/1719","targetHints":{"allow":["GET"]}}],"collection":[{"href":"https:\/\/quadtours2j.com\/index.php?rest_route=\/wp\/v2\/pages"}],"about":[{"href":"https:\/\/quadtours2j.com\/index.php?rest_route=\/wp\/v2\/types\/page"}],"author":[{"embeddable":true,"href":"https:\/\/quadtours2j.com\/index.php?rest_route=\/wp\/v2\/users\/1"}],"replies":[{"embeddable":true,"href":"https:\/\/quadtours2j.com\/index.php?rest_route=%2Fwp%2Fv2%2Fcomments&post=1719"}],"version-history":[{"count":29,"href":"https:\/\/quadtours2j.com\/index.php?rest_route=\/wp\/v2\/pages\/1719\/revisions"}],"predecessor-version":[{"id":5114,"href":"https:\/\/quadtours2j.com\/index.php?rest_route=\/wp\/v2\/pages\/1719\/revisions\/5114"}],"wp:attachment":[{"href":"https:\/\/quadtours2j.com\/index.php?rest_route=%2Fwp%2Fv2%2Fmedia&parent=1719"}],"curies":[{"name":"wp","href":"https:\/\/api.w.org\/{rel}","templated":true}]}}