{"id":1621,"date":"2022-09-21T18:50:01","date_gmt":"2022-09-21T22:50:01","guid":{"rendered":"https:\/\/quadtours2j.com\/?page_id=1621"},"modified":"2023-11-21T18:03:27","modified_gmt":"2023-11-21T22:03:27","slug":"snorkeling-party-boat","status":"publish","type":"page","link":"https:\/\/quadtours2j.com\/?page_id=1621","title":{"rendered":"Snorkeling &#038; Party boat"},"content":{"rendered":"\t\t<div data-elementor-type=\"wp-page\" data-elementor-id=\"1621\" class=\"elementor elementor-1621\">\n\t\t\t\t\t\t<section class=\"elementor-section elementor-top-section elementor-element elementor-element-7e0784f elementor-section-boxed elementor-section-height-default elementor-section-height-default\" data-id=\"7e0784f\" data-element_type=\"section\" data-settings=\"{&quot;background_background&quot;:&quot;classic&quot;}\">\n\t\t\t\t\t\t<div class=\"elementor-container elementor-column-gap-default\">\n\t\t\t\t\t<div class=\"elementor-column elementor-col-100 elementor-top-column elementor-element elementor-element-4fa771d\" data-id=\"4fa771d\" data-element_type=\"column\">\n\t\t\t<div class=\"elementor-widget-wrap\">\n\t\t\t\t\t\t\t<\/div>\n\t\t<\/div>\n\t\t\t\t\t<\/div>\n\t\t<\/section>\n\t\t\t\t<section class=\"elementor-section elementor-top-section elementor-element elementor-element-dd7f758 elementor-section-boxed elementor-section-height-default elementor-section-height-default\" data-id=\"dd7f758\" data-element_type=\"section\">\n\t\t\t\t\t\t<div class=\"elementor-container elementor-column-gap-default\">\n\t\t\t\t\t<div class=\"elementor-column elementor-col-100 elementor-top-column elementor-element elementor-element-c1b4de6\" data-id=\"c1b4de6\" data-element_type=\"column\">\n\t\t\t<div class=\"elementor-widget-wrap elementor-element-populated\">\n\t\t\t\t\t\t<div class=\"elementor-element elementor-element-a2658fb elementor-widget elementor-widget-heading\" data-id=\"a2658fb\" data-element_type=\"widget\" data-widget_type=\"heading.default\">\n\t\t\t\t<div class=\"elementor-widget-container\">\n\t\t\t\t\t<h2 class=\"elementor-heading-title elementor-size-default\">Reserve su Tour de Snorkeling &amp; Party boat aqu\u00ed.<\/h2>\t\t\t\t<\/div>\n\t\t\t\t<\/div>\n\t\t\t\t\t<\/div>\n\t\t<\/div>\n\t\t\t\t\t<\/div>\n\t\t<\/section>\n\t\t\t\t<section class=\"elementor-section elementor-top-section elementor-element elementor-element-7efc4b1 elementor-section-boxed elementor-section-height-default elementor-section-height-default\" data-id=\"7efc4b1\" data-element_type=\"section\">\n\t\t\t\t\t\t<div class=\"elementor-container elementor-column-gap-default\">\n\t\t\t\t\t<div class=\"elementor-column elementor-col-100 elementor-top-column elementor-element elementor-element-fc4b944\" data-id=\"fc4b944\" data-element_type=\"column\">\n\t\t\t<div class=\"elementor-widget-wrap elementor-element-populated\">\n\t\t\t\t\t\t<div class=\"elementor-element elementor-element-701c679 elementor-widget elementor-widget-shortcode\" data-id=\"701c679\" data-element_type=\"widget\" data-widget_type=\"shortcode.default\">\n\t\t\t\t<div class=\"elementor-widget-container\">\n\t\t\t\t\t\t\t<div class=\"elementor-shortcode\"><form action=\"https:\/\/www.paypal.com\/cgi-bin\/webscr\" method=\"post\" target=\"_blank\">\n  <input type=\"hidden\" name=\"cmd\" value=\"_s-xclick\" \/>\n  <input type=\"hidden\" name=\"hosted_button_id\" value=\"2ND7T6AQY72FN\" \/>\n  <table>\n    <tr>\n      <td>\n        <input type=\"hidden\" name=\"on0\" value=\"Precio\"\/>\n        Precio\n      <\/td>\n    <\/tr>\n    <tr>\n      <td>\n        <select name=\"os0\">\n          <option value=\"Adulto \">\n            Adulto  $60.00 USD\n          <\/option>\n          <option value=\"Ni\u00f1o A Partir de 13 a\u00f1os\">\n            Ni\u00f1o A Partir de 13 a\u00f1os $40.00 USD\n          <\/option>\n        <\/select>\n      <\/td>\n    <\/tr>\n    <tr>\n      <td>\n        <input type=\"hidden\" name=\"on1\" value=\"Hora de Recogida Hoteles\"\/>\n        Hora de Recogida Hoteles\n      <\/td>\n    <\/tr>\n    <tr>\n      <td>\n        <select name=\"os1\">\n          <option value=\"Hotels Riu 7:35am\">\n            Hotels Riu 7:35am\n          <\/option>\n          <option value=\"Cofresi 7:45am\">\n            Cofresi 7:45am\n          <\/option>\n          <option value=\"Puerto Plata 8:00am\">\n            Puerto Plata 8:00am\n          <\/option>\n          <option value=\"Costa Dorada 8:15am\">\n            Costa Dorada 8:15am\n          <\/option>\n          <option value=\"Playa Dorada 8:30am\">\n            Playa Dorada 8:30am\n          <\/option>\n        <\/select>\n      <\/td>\n    <\/tr>\n    <tr>\n      <td>\n        <input type=\"hidden\" name=\"on2\" value=\"Nombre de Hotel *\"\/>\n        Nombre de Hotel *\n      <\/td>\n    <\/tr>\n    <tr>\n      <td>\n        <input type=\"text\" name=\"os2\" maxLength=\"200\" \/>\n      <\/td>\n    <\/tr>\n    <tr>\n      <td>\n        <input type=\"hidden\" name=\"on3\" value=\"Fecha de Excursion *\"\/>\n        Fecha de Excursion *\n      <\/td>\n    <\/tr>\n    <tr>\n      <td>\n        <input type=\"text\" name=\"os3\" maxLength=\"200\" \/>\n      <\/td>\n    <\/tr>\n  <\/table>\n  <input type=\"hidden\" name=\"currency_code\" value=\"USD\" \/>\n  <input type=\"image\" src=\"https:\/\/www.paypalobjects.com\/en_US\/i\/btn\/btn_cart_LG.gif\" border=\"0\" name=\"submit\" title=\"PayPal - The safer, easier way to pay online!\" alt=\"Add to Cart\" \/>\n<\/form><\/div>\n\t\t\t\t\t\t<\/div>\n\t\t\t\t<\/div>\n\t\t\t\t\t<\/div>\n\t\t<\/div>\n\t\t\t\t\t<\/div>\n\t\t<\/section>\n\t\t\t\t<\/div>\n\t\t","protected":false},"excerpt":{"rendered":"<p>Reserve su Tour de Snorkeling &#038; Party boat aqu\u00ed. Precio Adulto $60.00 USD Ni\u00f1o A Partir de 13 a\u00f1os $40.00 USD Hora de Recogida Hoteles Hotels Riu 7:35am Cofresi 7:45am Puerto Plata 8:00am Costa Dorada 8:15am Playa Dorada 8:30am Nombre de Hotel * Fecha de Excursion *<\/p>\n","protected":false},"author":1,"featured_media":0,"parent":0,"menu_order":0,"comment_status":"closed","ping_status":"closed","template":"","meta":{"site-sidebar-layout":"no-sidebar","site-content-layout":"page-builder","ast-site-content-layout":"default","site-content-style":"default","site-sidebar-style":"default","ast-global-header-display":"","ast-banner-title-visibility":"","ast-main-header-display":"","ast-hfb-above-header-display":"","ast-hfb-below-header-display":"","ast-hfb-mobile-header-display":"","site-post-title":"disabled","ast-breadcrumbs-content":"","ast-featured-img":"disabled","footer-sml-layout":"","theme-transparent-header-meta":"","adv-header-id-meta":"","stick-header-meta":"","header-above-stick-meta":"","header-main-stick-meta":"","header-below-stick-meta":"","astra-migrate-meta-layouts":"default","ast-page-background-enabled":"default","ast-page-background-meta":{"desktop":{"background-color":"var(--ast-global-color-4)","background-image":"","background-repeat":"repeat","background-position":"center center","background-size":"auto","background-attachment":"scroll","background-type":"","background-media":"","overlay-type":"","overlay-color":"","overlay-opacity":"","overlay-gradient":""},"tablet":{"background-color":"","background-image":"","background-repeat":"repeat","background-position":"center center","background-size":"auto","background-attachment":"scroll","background-type":"","background-media":"","overlay-type":"","overlay-color":"","overlay-opacity":"","overlay-gradient":""},"mobile":{"background-color":"","background-image":"","background-repeat":"repeat","background-position":"center center","background-size":"auto","background-attachment":"scroll","background-type":"","background-media":"","overlay-type":"","overlay-color":"","overlay-opacity":"","overlay-gradient":""}},"ast-content-background-meta":{"desktop":{"background-color":"var(--ast-global-color-5)","background-image":"","background-repeat":"repeat","background-position":"center center","background-size":"auto","background-attachment":"scroll","background-type":"","background-media":"","overlay-type":"","overlay-color":"","overlay-opacity":"","overlay-gradient":""},"tablet":{"background-color":"var(--ast-global-color-5)","background-image":"","background-repeat":"repeat","background-position":"center center","background-size":"auto","background-attachment":"scroll","background-type":"","background-media":"","overlay-type":"","overlay-color":"","overlay-opacity":"","overlay-gradient":""},"mobile":{"background-color":"var(--ast-global-color-5)","background-image":"","background-repeat":"repeat","background-position":"center center","background-size":"auto","background-attachment":"scroll","background-type":"","background-media":"","overlay-type":"","overlay-color":"","overlay-opacity":"","overlay-gradient":""}},"_joinchat":[],"footnotes":""},"class_list":["post-1621","page","type-page","status-publish","hentry"],"aioseo_notices":[],"_links":{"self":[{"href":"https:\/\/quadtours2j.com\/index.php?rest_route=\/wp\/v2\/pages\/1621","targetHints":{"allow":["GET"]}}],"collection":[{"href":"https:\/\/quadtours2j.com\/index.php?rest_route=\/wp\/v2\/pages"}],"about":[{"href":"https:\/\/quadtours2j.com\/index.php?rest_route=\/wp\/v2\/types\/page"}],"author":[{"embeddable":true,"href":"https:\/\/quadtours2j.com\/index.php?rest_route=\/wp\/v2\/users\/1"}],"replies":[{"embeddable":true,"href":"https:\/\/quadtours2j.com\/index.php?rest_route=%2Fwp%2Fv2%2Fcomments&post=1621"}],"version-history":[{"count":17,"href":"https:\/\/quadtours2j.com\/index.php?rest_route=\/wp\/v2\/pages\/1621\/revisions"}],"predecessor-version":[{"id":3286,"href":"https:\/\/quadtours2j.com\/index.php?rest_route=\/wp\/v2\/pages\/1621\/revisions\/3286"}],"wp:attachment":[{"href":"https:\/\/quadtours2j.com\/index.php?rest_route=%2Fwp%2Fv2%2Fmedia&parent=1621"}],"curies":[{"name":"wp","href":"https:\/\/api.w.org\/{rel}","templated":true}]}}